{"id":1468,"date":"2024-09-15T00:17:06","date_gmt":"2024-09-15T03:17:06","guid":{"rendered":"https:\/\/akari.com.br\/?page_id=1468"},"modified":"2026-01-18T21:37:06","modified_gmt":"2026-01-19T00:37:06","slug":"home","status":"publish","type":"page","link":"https:\/\/akari.com.br\/","title":{"rendered":"Home"},"content":{"rendered":"<p>[et_pb_section fb_built=&#8221;1&#8243; fullwidth=&#8221;on&#8221; next_background_color=&#8221;#000000&#8243; _builder_version=&#8221;4.27.0&#8243; _module_preset=&#8221;default&#8221; top_divider_style=&#8221;wave2&#8243; top_divider_color=&#8221;#FFFFFF&#8221; top_divider_height=&#8221;38px&#8221; top_divider_repeat=&#8221;1x&#8221; top_divider_style_tablet=&#8221;wave2&#8243; top_divider_style_phone=&#8221;none&#8221; top_divider_style_last_edited=&#8221;on|phone&#8221; top_divider_height_last_edited=&#8221;off|phone&#8221; top_divider_flip_tablet=&#8221;&#8221; top_divider_flip_phone=&#8221;&#8221; top_divider_flip_last_edited=&#8221;on|phone&#8221; bottom_divider_style=&#8221;wave2&#8243; bottom_divider_height=&#8221;38px&#8221; bottom_divider_repeat=&#8221;1x&#8221; bottom_divider_style_tablet=&#8221;wave2&#8243; bottom_divider_style_phone=&#8221;none&#8221; bottom_divider_style_last_edited=&#8221;on|phone&#8221; bottom_divider_height_last_edited=&#8221;off|phone&#8221; global_colors_info=&#8221;{}&#8221;][et_pb_fullwidth_image src=&#8221;https:\/\/akari.com.br\/wp-content\/uploads\/2024\/07\/Reasons-to-believe.webp&#8221; title_text=&#8221;Reasons to believe&#8221; _builder_version=&#8221;4.26.0&#8243; _module_preset=&#8221;default&#8221; global_colors_info=&#8221;{}&#8221;][\/et_pb_fullwidth_image][\/et_pb_section][et_pb_section fb_built=&#8221;1&#8243; next_background_color=&#8221;#ffffff&#8221; _builder_version=&#8221;4.27.0&#8243; _module_preset=&#8221;default&#8221; background_color=&#8221;#000000&#8243; min_height=&#8221;229.3px&#8221; min_height_tablet=&#8221;345.2px&#8221; min_height_phone=&#8221;379.6px&#8221; min_height_last_edited=&#8221;on|desktop&#8221; custom_padding=&#8221;||0px|||&#8221; top_divider_height_tablet=&#8221;&#8221; top_divider_height_phone=&#8221;38px&#8221; top_divider_height_last_edited=&#8221;on|phone&#8221; bottom_divider_style=&#8221;wave2&#8243; bottom_divider_height=&#8221;71px&#8221; bottom_divider_repeat=&#8221;1x&#8221; bottom_divider_style_tablet=&#8221;wave2&#8243; bottom_divider_style_phone=&#8221;none&#8221; bottom_divider_style_last_edited=&#8221;on|desktop&#8221; bottom_divider_height_tablet=&#8221;71px&#8221; bottom_divider_height_phone=&#8221;29px&#8221; bottom_divider_height_last_edited=&#8221;on|phone&#8221; animation_style=&#8221;slide&#8221; global_colors_info=&#8221;{}&#8221; bottom_divider_height__hover_enabled=&#8221;off|hover&#8221;][et_pb_row column_structure=&#8221;1_2,1_2&#8243; _builder_version=&#8221;4.25.1&#8243; _module_preset=&#8221;default&#8221; min_height=&#8221;154.8px&#8221; custom_margin=&#8221;2px|auto|-135px|auto||&#8221; custom_padding=&#8221;7px|||||&#8221; global_colors_info=&#8221;{}&#8221;][et_pb_column type=&#8221;1_2&#8243; _builder_version=&#8221;4.25.1&#8243; _module_preset=&#8221;default&#8221; global_colors_info=&#8221;{}&#8221;][\/et_pb_column][et_pb_column type=&#8221;1_2&#8243; _builder_version=&#8221;4.25.1&#8243; _module_preset=&#8221;default&#8221; global_colors_info=&#8221;{}&#8221;][et_pb_text _builder_version=&#8221;4.27.4&#8243; _module_preset=&#8221;default&#8221; width=&#8221;99.6%&#8221; global_colors_info=&#8221;{}&#8221;]<\/p>\n<p><span style=\"color: #ffffff;\"><span style=\"text-transform: none; letter-spacing: normal;\">Fundada em 1995, atuamos no com\u00e9rcio e servi\u00e7os\u00a0 para o bem estar e qualidade de vida para voc\u00ea e para o seu lar ou trabalho.\u00a0 <\/span><\/span><span style=\"color: #ffffff;\"><span style=\"text-transform: none; letter-spacing: normal;\"><\/span><span style=\"text-transform: none; letter-spacing: normal;\">Nossa miss\u00e3o \u00e9 proporcionar solu\u00e7\u00f5es para uma vida melhor! <\/span><\/span><\/p>\n<p>[\/et_pb_text][\/et_pb_column][\/et_pb_row][\/et_pb_section][et_pb_section fb_built=&#8221;1&#8243; admin_label=&#8221;Feature Section&#8221; _builder_version=&#8221;4.27.0&#8243; background_image=&#8221;https:\/\/akari.com.br\/wp-content\/uploads\/2023\/01\/tea_shop_42.jpg&#8221; background_position=&#8221;center_right&#8221; width=&#8221;100%&#8221; max_width=&#8221;100%&#8221; min_height=&#8221;1001.2px&#8221; custom_margin=&#8221;5%||||false|false&#8221; custom_padding=&#8221;65px||65px||true|false&#8221; animation_style=&#8221;slide&#8221; animation_direction=&#8221;left&#8221; animation_intensity_slide=&#8221;2%&#8221; animation_starting_opacity=&#8221;100%&#8221; box_shadow_style=&#8221;preset3&#8243; box_shadow_vertical=&#8221;80px&#8221; box_shadow_blur=&#8221;120px&#8221; box_shadow_spread=&#8221;-60px&#8221; box_shadow_color=&#8221;rgba(63,63,31,0.3)&#8221; global_colors_info=&#8221;{}&#8221;][et_pb_row column_structure=&#8221;1_2,1_2&#8243; _builder_version=&#8221;4.16&#8243; width=&#8221;90%&#8221; max_width=&#8221;90%&#8221; custom_padding=&#8221;0px|||||&#8221; use_custom_width=&#8221;on&#8221; width_unit=&#8221;off&#8221; custom_width_percent=&#8221;90%&#8221; global_colors_info=&#8221;{}&#8221;][et_pb_column type=&#8221;1_2&#8243; _builder_version=&#8221;4.16&#8243; custom_padding=&#8221;|||&#8221; global_colors_info=&#8221;{}&#8221; custom_padding__hover=&#8221;|||&#8221;][et_pb_image src=&#8221;https:\/\/akari.com.br\/wp-content\/uploads\/2023\/03\/chiropractor-04.jpg&#8221; title_text=&#8221;chiropractor-04&#8243; _builder_version=&#8221;4.21.0&#8243; _module_preset=&#8221;default&#8221; global_colors_info=&#8221;{}&#8221;][\/et_pb_image][\/et_pb_column][et_pb_column type=&#8221;1_2&#8243; _builder_version=&#8221;4.16&#8243; custom_padding=&#8221;|||&#8221; global_colors_info=&#8221;{}&#8221; custom_padding__hover=&#8221;|||&#8221;][et_pb_text admin_label=&#8221;Title&#8221; _builder_version=&#8221;4.16&#8243; text_font=&#8221;||||||||&#8221; header_2_font=&#8221;Quattrocento||||||||&#8221; header_2_font_size=&#8221;60px&#8221; header_2_line_height=&#8221;1.3em&#8221; animation_style=&#8221;slide&#8221; animation_direction=&#8221;left&#8221; animation_duration=&#8221;1400ms&#8221; animation_intensity_slide=&#8221;6%&#8221; header_2_font_size_tablet=&#8221;40px&#8221; header_2_font_size_phone=&#8221;&#8221; header_2_font_size_last_edited=&#8221;on|tablet&#8221; global_colors_info=&#8221;{}&#8221;]<\/p>\n<h2>Para voc\u00ea<\/h2>\n<p>[\/et_pb_text][et_pb_text content_tablet=&#8221;<\/p>\n<p>Excesso de preocupa\u00e7\u00f5es, ansiedade, nervosismo, sedentarismo e uso demasiado de computador e celular geram desequil\u00edbrios energ\u00e9ticos, que podem dar origem a dores, mal-estar, cansa\u00e7o, dificuldade de racioc\u00ednio, dist\u00farbios de sono e doen\u00e7as.<\/p>\n<p>Trabalhamos com diversas t\u00e9cnicas de acordo com os sintomas, destacando:<\/p>\n<ul>\n<li>Massagem Pr\u00e2nica<\/li>\n<li>Quiropraxia Japonesa Seitai &#038; New Seitai<\/li>\n<li>Massagem Desportiva<\/li>\n<li>Tratamento Alq\u00edmico<\/li>\n<\/ul>\n<p>&#8221; content_phone=&#8221;<\/p>\n<p>Excesso de preocupa\u00e7\u00f5es, ansiedade, nervosismo, sedentarismo e uso demasiado de computador e celular geram desequil\u00edbrios energ\u00e9ticos, que podem dar origem a dores, mal-estar, cansa\u00e7o, dificuldade de racioc\u00ednio, dist\u00farbios de sono e doen\u00e7as.<\/p>\n<p>Trabalhamos com diversas t\u00e9cnicas de acordo com os sintomas, destacando:<\/p>\n<ul>\n<li>Massagem Pr\u00e2nica<\/li>\n<li>Quiropraxia Japonesa Seitai &#038; New Seitai<\/li>\n<li>Massagem Desportiva<\/li>\n<li>Tratamento Alq\u00edmico<\/li>\n<\/ul>\n<p>&#8221; content_last_edited=&#8221;on|desktop&#8221; _builder_version=&#8221;4.27.4&#8243; text_font=&#8221;||||||||&#8221; text_line_height=&#8221;2.2em&#8221; custom_padding=&#8221;||0px|||&#8221; animation_style=&#8221;slide&#8221; animation_direction=&#8221;left&#8221; animation_duration=&#8221;1400ms&#8221; animation_delay=&#8221;100ms&#8221; animation_intensity_slide=&#8221;6%&#8221; global_colors_info=&#8221;{}&#8221;]<\/p>\n<p>Excesso de preocupa\u00e7\u00f5es, ansiedade, nervosismo, sedentarismo e uso demasiado de computador e celular geram desequil\u00edbrios energ\u00e9ticos, que podem dar origem a dores, mal-estar, cansa\u00e7o, dificuldade de racioc\u00ednio, dist\u00farbios de sono e doen\u00e7as.<\/p>\n<p>Trabalhamos com diversas t\u00e9cnicas de acordo com os sintomas, destacando:<\/p>\n<p>[\/et_pb_text][et_pb_accordion _builder_version=&#8221;4.27.4&#8243; _module_preset=&#8221;default&#8221; toggle_font=&#8221;|&#8211;et_global_heading_font_weight|||||||&#8221; body_font=&#8221;|&#8211;et_global_body_font_weight|||||||&#8221; global_colors_info=&#8221;{%22gcid-36fd78a7-34bc-404d-873c-dafa34efaae5%22:%91%22quote_icon_color%22,%22quote_icon_color%22,%22quote_icon_color%22,%22quote_icon_color%22,%22quote_icon_color%22,%22quote_icon_color%22,%22quote_icon_color%22,%22quote_icon_color%22,%22quote_icon_color%22,%22quote_icon_color%22,%22quote_icon_color%22,%22quote_icon_color%22%93,%22gcid-primary-color%22:%91%22open_toggle_text_color%22,%22icon_color%22,%22open_toggle_text_color%22,%22icon_color%22,%22open_toggle_text_color%22,%22icon_color%22,%22open_toggle_text_color%22,%22icon_color%22,%22open_toggle_text_color%22,%22icon_color%22,%22open_toggle_text_color%22,%22icon_color%22,%22open_toggle_text_color%22,%22icon_color%22,%22open_toggle_text_color%22,%22icon_color%22,%22open_toggle_text_color%22,%22icon_color%22,%22open_toggle_text_color%22,%22icon_color%22,%22open_toggle_text_color%22,%22icon_color%22,%22open_toggle_text_color%22,%22icon_color%22%93,%22gcid-heading-color%22:%91%22toggle_text_color%22,%22toggle_text_color%22,%22toggle_text_color%22,%22toggle_text_color%22,%22toggle_text_color%22,%22toggle_text_color%22,%22toggle_text_color%22,%22toggle_text_color%22,%22toggle_text_color%22,%22toggle_text_color%22,%22toggle_text_color%22,%22toggle_text_color%22%93,%22gcid-body-color%22:%91%22body_text_color%22,%22body_text_color%22,%22body_text_color%22,%22body_text_color%22,%22body_text_color%22,%22body_text_color%22,%22body_text_color%22,%22body_text_color%22,%22body_text_color%22,%22body_text_color%22,%22body_text_color%22,%22body_text_color%22%93}&#8221;][et_pb_accordion_item title=&#8221;Massagem Terap\u00eautica&#8221; open=&#8221;on&#8221; _builder_version=&#8221;4.25.1&#8243; _module_preset=&#8221;default&#8221; global_colors_info=&#8221;{}&#8221;]<\/p>\n<p>Conjunto de t\u00e9cnicas integradas para al\u00edvio de dores na musculatura e articula\u00e7\u00f5es. Proporciona relaxamento, al\u00edvio de tens\u00f5es e melhor qualidade de sono.<\/p>\n<p>[\/et_pb_accordion_item][et_pb_accordion_item title=&#8221;Quiropraxia Japonesa Seitai &#038; New Seitai&#8221; _builder_version=&#8221;4.25.1&#8243; _module_preset=&#8221;default&#8221; global_colors_info=&#8221;{}&#8221; open=&#8221;off&#8221;]<\/p>\n<p>T\u00e9cnica milenar japonesa utilizada pelos samurais e praticantes de artes marciais para tratamento e recupera\u00e7\u00e3o de les\u00f5es, contus\u00f5es e luxa\u00e7\u00f5es. Muito eficaz para al\u00edvio de dores resultantes de alinhamento postural deficiente e dores em pesco\u00e7o, ombros, lombar, quadril, joelho, p\u00e9s etc.<\/p>\n<p>Indicado para quem trabalha muitas horas di\u00e1rias dirigindo, trabalhando no computador, dentistas, cabeleireiros e demais atividades que demandam esfor\u00e7o f\u00edsico repetitivo e com postura inadequada.<\/p>\n<p>[\/et_pb_accordion_item][et_pb_accordion_item title=&#8221;Massagem Desportiva&#8221; _builder_version=&#8221;4.25.1&#8243; _module_preset=&#8221;default&#8221; global_colors_info=&#8221;{}&#8221; open=&#8221;off&#8221;]<\/p>\n<p>Conjunto de t\u00e9cnicas integradas para proporcionar al\u00edvio de dores e r\u00e1pida recupera\u00e7\u00e3o de dores musculares, les\u00f5es e contus\u00f5es. Elimina n\u00f3dulos e ader\u00eancias resultantes de rompimento de fibras musculares, restabelecendo o alongamento e a for\u00e7a muscular. Reduz o cansa\u00e7o possibilitando treinar com maior intensidade e aumentar consideravelmente a performance de atletas, bailarinos e profissionais que demandam grande atividade f\u00edsica.<\/p>\n<p>[\/et_pb_accordion_item][et_pb_accordion_item title=&#8221;Tratamento Alqu\u00edmico&#8221; _builder_version=&#8221;4.27.4&#8243; _module_preset=&#8221;default&#8221; global_colors_info=&#8221;{}&#8221; open=&#8221;off&#8221;]<\/p>\n<p>A Alquimia \u00e9 uma t\u00e9cnica milenar capaz de identificar as poss\u00edveis causas que levam ao surgimento de dores e desequil\u00edbrios f\u00edsicos e tratar de forma que os sintomas deixem de manifestar. O corpo humano manifesta dores quando realizamos excesso de atitudes negativas, podendo resultar em doen\u00e7as. O mapa astrol\u00f3gico \u00e9 uma t\u00e9cnica milenar capaz de identificar o que a pessoa deve aprender e os desafios que ter\u00e1 que superar nessa vida. Insistir na via negativa faz a vida patinar, surgindo os mesmos problemas de sempre. Com o uso de formula\u00e7\u00f5es alqu\u00edmicas preparadas de forma personalizada, a pessoa passa a entender e agir de forma coerente com o prop\u00f3sito de vida. Consequentemente, as dores e doen\u00e7as tendem a desaparecer e a pessoa avan\u00e7a no caminho evolutivo.<\/p>\n<p>[\/et_pb_accordion_item][\/et_pb_accordion][et_pb_text _builder_version=&#8221;4.25.1&#8243; _module_preset=&#8221;default&#8221; global_colors_info=&#8221;{}&#8221;]<\/p>\n<p>Agende uma avalia\u00e7\u00e3o gratuita para conhecer pessoalmente as t\u00e9cnicas.<\/p>\n<p>[\/et_pb_text][\/et_pb_column][\/et_pb_row][\/et_pb_section][et_pb_section fb_built=&#8221;1&#8243; admin_label=&#8221;Gallery Section&#8221; _builder_version=&#8221;4.21.0&#8243; background_color=&#8221;#939192&#8243; max_width=&#8221;95%&#8221; module_alignment=&#8221;center&#8221; custom_margin=&#8221;-4%|||&#8221; custom_padding=&#8221;0px||0px|&#8221; animation_style=&#8221;slide&#8221; animation_direction=&#8221;right&#8221; animation_intensity_slide=&#8221;5%&#8221; animation_starting_opacity=&#8221;100%&#8221; box_shadow_style=&#8221;preset3&#8243; box_shadow_vertical=&#8221;80px&#8221; box_shadow_blur=&#8221;120px&#8221; box_shadow_spread=&#8221;-60px&#8221; box_shadow_color=&#8221;rgba(63,63,31,0.3)&#8221; global_colors_info=&#8221;{}&#8221;][et_pb_row column_structure=&#8221;1_3,1_3,1_3&#8243; use_custom_gutter=&#8221;on&#8221; gutter_width=&#8221;1&#8243; make_equal=&#8221;on&#8221; module_class=&#8221; et_pb_row_fullwidth&#8221; _builder_version=&#8221;4.16&#8243; width=&#8221;100%&#8221; width_tablet=&#8221;100%&#8221; width_phone=&#8221;100%&#8221; width_last_edited=&#8221;on|desktop&#8221; max_width=&#8221;100%&#8221; max_width_tablet=&#8221;100%&#8221; max_width_phone=&#8221;100%&#8221; max_width_last_edited=&#8221;on|desktop&#8221; custom_padding=&#8221;0px||0px|&#8221; make_fullwidth=&#8221;on&#8221; global_colors_info=&#8221;{}&#8221;][et_pb_column type=&#8221;1_3&#8243; _builder_version=&#8221;4.16&#8243; custom_padding=&#8221;|||&#8221; global_colors_info=&#8221;{}&#8221; custom_padding__hover=&#8221;|||&#8221;][et_pb_image src=&#8221;https:\/\/akari.com.br\/wp-content\/uploads\/2023\/05\/Massagem-1-640&#215;800-1.png&#8221; title_text=&#8221;Massagem 1 640&#215;800&#8243; show_in_lightbox=&#8221;on&#8221; force_fullwidth=&#8221;on&#8221; align_tablet=&#8221;center&#8221; align_phone=&#8221;center&#8221; align_last_edited=&#8221;on|desktop&#8221; _builder_version=&#8221;4.21.0&#8243; animation_style=&#8221;slide&#8221; animation_direction=&#8221;left&#8221; animation_intensity_slide=&#8221;3%&#8221; animation_starting_opacity=&#8221;100%&#8221; global_colors_info=&#8221;{}&#8221;][\/et_pb_image][\/et_pb_column][et_pb_column type=&#8221;1_3&#8243; _builder_version=&#8221;4.16&#8243; custom_padding=&#8221;|||&#8221; global_colors_info=&#8221;{}&#8221; custom_padding__hover=&#8221;|||&#8221;][et_pb_image src=&#8221;https:\/\/akari.com.br\/wp-content\/uploads\/2023\/05\/TM-06-640&#215;800-1.png&#8221; title_text=&#8221;TM 06 640&#215;800&#8243; show_in_lightbox=&#8221;on&#8221; force_fullwidth=&#8221;on&#8221; align_tablet=&#8221;center&#8221; align_phone=&#8221;center&#8221; align_last_edited=&#8221;on|desktop&#8221; _builder_version=&#8221;4.21.0&#8243; animation_style=&#8221;slide&#8221; animation_direction=&#8221;bottom&#8221; animation_intensity_slide=&#8221;3%&#8221; animation_starting_opacity=&#8221;100%&#8221; locked=&#8221;off&#8221; global_colors_info=&#8221;{}&#8221;][\/et_pb_image][\/et_pb_column][et_pb_column type=&#8221;1_3&#8243; _builder_version=&#8221;4.16&#8243; custom_padding=&#8221;|||&#8221; global_colors_info=&#8221;{}&#8221; custom_padding__hover=&#8221;|||&#8221;][et_pb_image src=&#8221;https:\/\/akari.com.br\/wp-content\/uploads\/2023\/05\/Shizuo-Desportiva-5-640&#215;800-1.png&#8221; title_text=&#8221;Shizuo Desportiva 5 640&#215;800&#8243; show_in_lightbox=&#8221;on&#8221; force_fullwidth=&#8221;on&#8221; align_tablet=&#8221;center&#8221; align_phone=&#8221;center&#8221; align_last_edited=&#8221;on|desktop&#8221; _builder_version=&#8221;4.21.0&#8243; animation_style=&#8221;slide&#8221; animation_direction=&#8221;right&#8221; animation_intensity_slide=&#8221;3%&#8221; animation_starting_opacity=&#8221;100%&#8221; locked=&#8221;off&#8221; global_colors_info=&#8221;{}&#8221;][\/et_pb_image][\/et_pb_column][\/et_pb_row][\/et_pb_section][et_pb_section fb_built=&#8221;1&#8243; admin_label=&#8221;Footer Section&#8221; _builder_version=&#8221;4.21.0&#8243; use_background_color_gradient=&#8221;on&#8221; background_color_gradient_stops=&#8221;#ffffff 0%|rgba(255,255,255,0.66) 100%&#8221; background_color_gradient_overlays_image=&#8221;on&#8221; background_color_gradient_start=&#8221;#ffffff&#8221; background_color_gradient_end=&#8221;rgba(255,255,255,0.66)&#8221; custom_padding=&#8221;50px||||false|false&#8221; global_colors_info=&#8221;{}&#8221;][\/et_pb_section]<\/p>\n","protected":false},"excerpt":{"rendered":"<p>Fundada em 1995, atuamos no com\u00e9rcio e servi\u00e7os\u00a0 para o bem estar e qualidade de vida para voc\u00ea e para o seu lar ou trabalho.\u00a0 Nossa miss\u00e3o \u00e9 proporcionar solu\u00e7\u00f5es para uma vida melhor! Para voc\u00eaExcesso de preocupa\u00e7\u00f5es, ansiedade, nervosismo, sedentarismo e uso demasiado de computador e celular geram desequil\u00edbrios energ\u00e9ticos, que podem dar origem [&hellip;]<\/p>\n","protected":false},"author":1,"featured_media":0,"parent":0,"menu_order":0,"comment_status":"closed","ping_status":"closed","template":"","meta":{"_et_pb_use_builder":"on","_et_pb_old_content":"<h4>AKARI WAY<\/h4>\t\t\n\t\t\t<h1>Solu\u00e7\u00f5es para uma <br>vida melhor!<\/h1>\t\t\n\t\t\t<a href=\"#\" role=\"button\">\n\t\t\t\t\t\tShop Now\n\t\t\t\t\t<\/a>\n\t\t\t<h3><a href=\"#\">Beautiful Plant Varieties<\/a><\/h3>\t\t\n\t\t<p>Luctus nec ullamcorper mattis, pulvinar dapibus leo.<\/p>\t\t\n\t\t\t<a href=\"#\" role=\"button\">\n\t\t\t\t\t\tSee Collection\n\t\t\t\t\t<\/a>\n\t\t\t<h3><a href=\"#\">Trendy Cactus Varieties<\/a><\/h3>\t\t\n\t\t<p>Luctus nec ullamcorper mattis, pulvinar dapibus leo.<\/p>\t\t\n\t\t\t<a href=\"#\" role=\"button\">\n\t\t\t\t\t\tSee Collection\n\t\t\t\t\t<\/a>\n\t\t\t<h3><a href=\"#\">Gardening Accessories<\/a><\/h3>\t\t\n\t\t<p>Luctus nec ullamcorper mattis, pulvinar dapibus leo.<\/p>\t\t\n\t\t\t<a href=\"#\" role=\"button\">\n\t\t\t\t\t\tVisit The Store\n\t\t\t\t\t<\/a>\n\t\t\t<h2>Featured Plants<\/h2>\t\t\n\t\t<p>Lorem ipsum dolor sit amet, consectetur adipiscing elit.<\/p>[products limit=\"8\" columns=\"4\" visibility=\"featured\" ]\t\t\n\t\t\t<h2>Testimonials<\/h2>\t\t\n\t\t<p>Lorem ipsum dolor sit amet, consectetur adipiscing elit.<\/p>\t\t\n\t\t\t<h3>Sarah Jones<\/h3>\t\t\n\t\tInterior Designer<p>Neque porro quisquam est, qui dolore ipsum quia dolor sit amet, consectetur adipisci velit, sed quia non numquam eius modi tempora incidunt.\u00a0<\/p>\t\t\n\t\t\t\t\t\t\t\t\t\t<img width=\"45\" height=\"45\" src=\"https:\/\/akari.com.br\/wp-content\/uploads\/2019\/01\/quote-free-img.png\" alt=\"\" \/>\t\t\t\t\t\t\t\t\t\t\t\n\t\t\t<h3>Jessica Foxx<\/h3>\t\t\n\t\tStudent<p>Neque porro quisquam est, qui dolore ipsum quia dolor sit amet, consectetur adipisci velit, sed quia non numquam eius modi tempora incidunt.\u00a0<\/p>\t\t\n\t\t\t\t\t\t\t\t\t\t<img width=\"45\" height=\"45\" src=\"https:\/\/akari.com.br\/wp-content\/uploads\/2019\/01\/quote-free-img.png\" alt=\"\" \/>\t\t\t\t\t\t\t\t\t\t\t\n\t\t\t<h3>Briana Luke<\/h3>\t\t\n\t\tStudent<p>Neque porro quisquam est, qui dolore ipsum quia dolor sit amet, consectetur adipisci velit, sed quia non numquam eius modi tempora incidunt.\u00a0<\/p>\t\t\n\t\t\t\t\t\t\t\t\t\t<img width=\"45\" height=\"45\" src=\"https:\/\/akari.com.br\/wp-content\/uploads\/2019\/01\/quote-free-img.png\" alt=\"\" \/>\t\t\t\t\t\t\t\t\t\t\t\n\t\t\t<h3>Interested? Shop This Plant Collection!<\/h3>\t\t\n\t\tNeque porro quisquam est, qui dolore ipsum quia dolor sit amet, consectetur adipisci velit, sed quia non numquam eius modi tempora incidunt.\u00a0\t\t\n\t\t\t<a href=\"#\" role=\"button\">\n\t\t\t\t\t\tGo to Shop\n\t\t\t\t\t<\/a>","_et_gb_content_width":"","footnotes":""},"class_list":["post-1468","page","type-page","status-publish","hentry"],"_links":{"self":[{"href":"https:\/\/akari.com.br\/index.php?rest_route=\/wp\/v2\/pages\/1468","targetHints":{"allow":["GET"]}}],"collection":[{"href":"https:\/\/akari.com.br\/index.php?rest_route=\/wp\/v2\/pages"}],"about":[{"href":"https:\/\/akari.com.br\/index.php?rest_route=\/wp\/v2\/types\/page"}],"author":[{"embeddable":true,"href":"https:\/\/akari.com.br\/index.php?rest_route=\/wp\/v2\/users\/1"}],"replies":[{"embeddable":true,"href":"https:\/\/akari.com.br\/index.php?rest_route=%2Fwp%2Fv2%2Fcomments&post=1468"}],"version-history":[{"count":59,"href":"https:\/\/akari.com.br\/index.php?rest_route=\/wp\/v2\/pages\/1468\/revisions"}],"predecessor-version":[{"id":2679,"href":"https:\/\/akari.com.br\/index.php?rest_route=\/wp\/v2\/pages\/1468\/revisions\/2679"}],"wp:attachment":[{"href":"https:\/\/akari.com.br\/index.php?rest_route=%2Fwp%2Fv2%2Fmedia&parent=1468"}],"curies":[{"name":"wp","href":"https:\/\/api.w.org\/{rel}","templated":true}]}}