{"id":1754,"date":"2022-06-28T14:43:00","date_gmt":"2022-06-28T17:43:00","guid":{"rendered":"https:\/\/akari.com.br\/produto\/propomax-extrato-de-propolis-verde-sem-alcool-aquoso-liquido-30ml\/"},"modified":"2023-11-03T13:00:42","modified_gmt":"2023-11-03T16:00:42","slug":"propomax-extrato-de-propolis-verde-sem-alcool-aquoso-liquido-30ml","status":"publish","type":"product","link":"https:\/\/akari.com.br\/?product=propomax-extrato-de-propolis-verde-sem-alcool-aquoso-liquido-30ml","title":{"rendered":"Propomax Extrato de Pr\u00f3polis Verde Sem \u00c1lcool Aquoso L\u00edquido 30ml Apis Flora"},"content":{"rendered":"<p class=\"selectable-text copyable-text iq0m558w\" dir=\"ltr\">Produzido<span class=\"selectable-text copyable-text\"> com extrato de pr\u00f3polis 100% verde, com alta concentra\u00e7\u00e3o dos bioativos.<\/span><\/p>\n<p class=\"selectable-text copyable-text iq0m558w\" dir=\"ltr\"><span class=\"selectable-text copyable-text\">EPP-AF: \u00danico produto existente no mercado com garantia de efic\u00e1cia, seguran\u00e7a e excel\u00eancia em termos de produto natural.<\/span><\/p>\n<p class=\"selectable-text copyable-text iq0m558w\" dir=\"ltr\"><span class=\"selectable-text copyable-text\">Maior efic\u00e1cia, biodisponibilidade de 300% maior do que nos extratos tradicionais.<\/span><\/p>\n<p class=\"selectable-text copyable-text iq0m558w\" dir=\"ltr\"><span class=\"selectable-text copyable-text\">Totalmente isento de de \u00e1lcool, sol\u00favel e cristalino quando dissolvido na \u00e1gua.<\/span><\/p>\n<p class=\"selectable-text copyable-text iq0m558w\" dir=\"ltr\"><span class=\"selectable-text copyable-text\"> Ideal para ser consumido por pr\u00e9 diab\u00e9ticos, diab\u00e9ticos e crian\u00e7as.<\/span><\/p>\n<p class=\"selectable-text copyable-text iq0m558w\" dir=\"ltr\"><span class=\"selectable-text copyable-text\"> Por\u00e7\u00e3o de 1 ml \u00e9 aproximadamente 1 colher de caf\u00e9 (30 gotas).<\/span><\/p>\n<p class=\"selectable-text copyable-text iq0m558w\" dir=\"ltr\"><span class=\"selectable-text copyable-text\">Registro no Minist\u00e9rio da Agricultura SIF\/DIPOA sob n\u00ba 0052\/3733<\/span><\/p>\n<p class=\"selectable-text copyable-text iq0m558w\" dir=\"ltr\"><strong><span class=\"selectable-text copyable-text\">Apenas 2 ingredientes!!<\/span><\/strong><\/p>\n<p class=\"selectable-text copyable-text iq0m558w\" dir=\"ltr\"><span class=\"selectable-text copyable-text\">&#8211; Extrato de pr\u00f3polis sem \u00e1lcool (11% p\/v de pr\u00f3polis)<\/span><\/p>\n<p class=\"selectable-text copyable-text iq0m558w\" dir=\"ltr\"><span class=\"selectable-text copyable-text\">&#8211; \u00c1gua purificada<\/span><\/p>\n<p class=\"selectable-text copyable-text iq0m558w\" dir=\"ltr\"><span class=\"selectable-text copyable-text\">N\u00e3o cont\u00e9m propileno glicol<\/span><\/p>\n<p class=\"selectable-text copyable-text iq0m558w\" dir=\"ltr\"><span class=\"selectable-text copyable-text\">N\u00e3o cont\u00e9m corantes<\/span><\/p>\n<p class=\"selectable-text copyable-text iq0m558w\" dir=\"ltr\"><span class=\"selectable-text copyable-text\">N\u00e3o cont\u00e9m conservantes<\/span><\/p>\n<p class=\"selectable-text copyable-text iq0m558w\" dir=\"ltr\"><span class=\"selectable-text copyable-text\">N\u00e3o cont\u00e9m gl\u00faten<\/span><\/p>\n<p class=\"selectable-text copyable-text iq0m558w\" dir=\"ltr\"><span class=\"selectable-text copyable-text\">N\u00e3o cont\u00e9m quantidade significativas de valor cal\u00f3rico, carboidratos, prote\u00ednas, gorduras totais, gorduras saturadas, gorduras trans, fibra alimentar e s\u00f3dio.<\/span><\/p>\n<p class=\"selectable-text copyable-text iq0m558w\" dir=\"ltr\"><span class=\"selectable-text copyable-text\"> Frasco 30ml<\/span><\/p>\n<p class=\"selectable-text copyable-text iq0m558w\" dir=\"ltr\"><span class=\"selectable-text copyable-text\">Validade: 2 anos ap\u00f3s data de fabrica\u00e7\u00e3o<\/span><\/p>\n<p class=\"selectable-text copyable-text iq0m558w\" dir=\"ltr\"><strong><span class=\"selectable-text copyable-text\">Marca: Apis Flora &#8211; Ind\u00fastria brasileira &#8211; Empresa certificada ISO 9001<\/span><\/strong><\/p>\n<p class=\"selectable-text copyable-text iq0m558w\" dir=\"ltr\"><span class=\"selectable-text copyable-text\">A Apis Flora, fundada em 1982, \u00e9 pioneira e inovadora no segmento de pr\u00f3polis, mel e extratos de plantas medicinais, focada no desenvolvimento de produtos a partir de bioativos da biodiversidade brasileira e internacional. Seus mais de 100 produtos est\u00e3o presentes em todos estados brasileiros, al\u00e9m de diversos pa\u00edses! <\/span><\/p>\n<p class=\"selectable-text copyable-text iq0m558w\" dir=\"ltr\"><span class=\"selectable-text copyable-text\">As instala\u00e7\u00f5es obedecem aos padr\u00f5es GMP (Good Manufacturing Practices), com a valida\u00e7\u00e3o e qualifica\u00e7\u00e3o de processos devidamente homologados junto \u00e0 ANVISA ou Minist\u00e9rio da Agricultura.<\/span><\/p>\n","protected":false},"excerpt":{"rendered":"<p>Produzido com extrato de pr\u00f3polis 100% verde, com alta concentra\u00e7\u00e3o dos bioativos. EPP-AF: \u00danico produto existente no mercado com garantia de efic\u00e1cia, seguran\u00e7a e excel\u00eancia em termos de produto natural. Maior efic\u00e1cia, biodisponibilidade de 300% maior do que nos extratos tradicionais. Totalmente isento de de \u00e1lcool, sol\u00favel e cristalino quando dissolvido na \u00e1gua. Ideal para [&hellip;]<\/p>\n","protected":false},"featured_media":1813,"comment_status":"open","ping_status":"closed","template":"","meta":{"_et_pb_use_builder":"","_et_pb_old_content":"","_et_gb_content_width":""},"product_brand":[],"product_cat":[68,83],"product_tag":[100,102,93,98,96,94,119,97,101,84,95,99],"class_list":{"0":"post-1754","1":"product","2":"type-product","3":"status-publish","4":"has-post-thumbnail","6":"product_cat-bem-estar","7":"product_cat-suplementos-e-nutricao","8":"product_tag-11-pv","9":"product_tag-30ml","10":"product_tag-apis-flora","11":"product_tag-aquoso","12":"product_tag-epp-af","13":"product_tag-extrato","14":"product_tag-extrato-de-propolis","15":"product_tag-extrato-de-propolis-verde","16":"product_tag-liquido","17":"product_tag-propolis","18":"product_tag-propolis-verde","19":"product_tag-sem-alcool","21":"first","22":"instock","23":"featured","24":"taxable","25":"shipping-taxable","26":"purchasable","27":"product-type-simple"},"_links":{"self":[{"href":"https:\/\/akari.com.br\/index.php?rest_route=\/wp\/v2\/product\/1754","targetHints":{"allow":["GET"]}}],"collection":[{"href":"https:\/\/akari.com.br\/index.php?rest_route=\/wp\/v2\/product"}],"about":[{"href":"https:\/\/akari.com.br\/index.php?rest_route=\/wp\/v2\/types\/product"}],"replies":[{"embeddable":true,"href":"https:\/\/akari.com.br\/index.php?rest_route=%2Fwp%2Fv2%2Fcomments&post=1754"}],"wp:featuredmedia":[{"embeddable":true,"href":"https:\/\/akari.com.br\/index.php?rest_route=\/wp\/v2\/media\/1813"}],"wp:attachment":[{"href":"https:\/\/akari.com.br\/index.php?rest_route=%2Fwp%2Fv2%2Fmedia&parent=1754"}],"wp:term":[{"taxonomy":"product_brand","embeddable":true,"href":"https:\/\/akari.com.br\/index.php?rest_route=%2Fwp%2Fv2%2Fproduct_brand&post=1754"},{"taxonomy":"product_cat","embeddable":true,"href":"https:\/\/akari.com.br\/index.php?rest_route=%2Fwp%2Fv2%2Fproduct_cat&post=1754"},{"taxonomy":"product_tag","embeddable":true,"href":"https:\/\/akari.com.br\/index.php?rest_route=%2Fwp%2Fv2%2Fproduct_tag&post=1754"}],"curies":[{"name":"wp","href":"https:\/\/api.w.org\/{rel}","templated":true}]}}