{"id":1792,"date":"2022-06-28T18:33:08","date_gmt":"2022-06-28T21:33:08","guid":{"rendered":"https:\/\/akari.com.br\/produto\/oleo-de-alho-desodorizado-500mg-6010-capsulas-tiaraju\/"},"modified":"2023-07-11T11:48:39","modified_gmt":"2023-07-11T14:48:39","slug":"oleo-de-alho-desodorizado-500mg-6010-capsulas-tiaraju","status":"publish","type":"product","link":"https:\/\/akari.com.br\/?product=oleo-de-alho-desodorizado-500mg-6010-capsulas-tiaraju","title":{"rendered":"\u00d3leo de Alho Desodorizado Sem Odor 60 C\u00e1psulas Softgel Tiaraju"},"content":{"rendered":"<p><strong>\u00d3leo De Alho Desodorizado &#8211; Nova Embalagem!!<\/strong><\/p>\n<p>O alho uma lili\u00e1cea, membro da fam\u00edlia dos l\u00edrios. O bulbo do alho \u00e9 composto por \u00f3leos vol\u00e1teis, como o dialildisulfeto, dialilsulfeto e dialiltrisulfeto, al\u00e9m de enzimas, minerais, vitaminas, lip\u00eddios e cerca de 17% de prote\u00ednas.<\/p>\n<p>Com a tritura\u00e7\u00e3o dos dentes de alho, obt\u00e9m-se a alicina.<\/p>\n<p><strong>Ingredientes:<\/strong><br \/>\n\u00d3leo de alho desodorizado (Allium sativum l.)<br \/>\nDiluente: \u00f3leo de soja<br \/>\nC\u00e1psula softgel: gelatina (gelificante), glicerina (umectante).<\/p>\n<p>AL\u00c9RGICOS: CONT\u00c9M DERIVADO DE SOJA. PODE CONTER DERIVADOS DE CRUST\u00c1CEOS (KRILL), PEIXES, CASTANHA DO PAR\u00c1, MACAD\u00c2MIA E TRIGO.<\/p>\n<p>Pode conter tra\u00e7os desses ingredientes devido ao compartilhamento de equipamentos, contudo, medidas rigorosas de controle e limpeza s\u00e3o adotadas para evitar tal fato.<\/p>\n<p>N\u00c3O CONT\u00c9M GL\u00daTEN<\/p>\n<p>Sugest\u00e3o de uso: Adultos a partir de 19 anos, consumir 1 c\u00e1psula ao dia, com aux\u00edlio de 1 copo (200ml) de \u00e1gua.<\/p>\n<p><strong>Informa\u00e7\u00e3o Nutricional:<\/strong><br \/>\nPor\u00e7\u00e3o: 0,65g (1 c\u00e1psula) = Alicina: 2,5mg<\/p>\n<p>N\u00e3o cont\u00e9m quantidades significativas de valor energ\u00e9tico, carboidratos, a\u00e7\u00facares totais, a\u00e7\u00facares adicionados, prote\u00ednas, gorduras totais, gorduras saturadas, gorduras trans, fibras alimentares e s\u00f3dio.<\/p>\n<p>Conserva\u00e7\u00e3o:<br \/>\nManter o produto em temperatura ambiente (15\u00ba a 30\u00baC), seco, ao abrigo da luz solar e umidade. Ap\u00f3s aberto, mantenha seu produto em sua embalagem original e firmemente fechado.<\/p>\n<p><strong>Informa\u00e7\u00f5es importantes:<\/strong><br \/>\n\u2022 Este produto n\u00e3o \u00e9 um medicamento.<br \/>\n\u2022 N\u00e3o exceder a recomenda\u00e7\u00e3o di\u00e1ria de consumo indicada na embalagem.<br \/>\n\u2022 Mantenha fora do alcance de crian\u00e7as.<br \/>\n\u2022 Este produto n\u00e3o deve ser consumido por gestantes, lactantes ou crian\u00e7as. Para melhores orienta\u00e7\u00f5es, consulte sempre seu profissional da sa\u00fade.<\/p>\n<p><strong>Minist\u00e9rio da Sa\u00fade Adverte: n\u00e3o existem evid\u00eancias cient\u00edficas comprovadas que este alimento previna, trate ou cure doen\u00e7as.<\/strong><\/p>\n<p>Anvisa: Produto com registro no Minist\u00e9rio da Sa\u00fade: 6.5204.0074.001-9<\/p>\n<p>Fabricado por Laborat\u00f3rio Tiaraju Alimentos e Cosm\u00e9ticos Ltda &#8211; Ind\u00fastria brasileira<br \/>\nEmpresa Certificada ISO 9001.<br \/>\nL\u00edder em registros no Brasil.<\/p>\n<p>Fundada em Santo \u00c2ngelo\/RS em 1991. S\u00e3o 30 anos de experi\u00eancia no lan\u00e7amento de produtos diferenciados e pioneiros. Inova\u00e7\u00e3o e qualidade fazem parte dos valores da empresa.<br \/>\nAtende a todos os requisitos e padr\u00f5es legais da Ag\u00eancia Nacional de Vigil\u00e2ncia Sanit\u00e1ria do Brasil e mant\u00e9m um r\u00edgido controle de qualidade em todo o processo de fabrica\u00e7\u00e3o e armazenamento de suprimentos e produtos.<\/p>\n","protected":false},"excerpt":{"rendered":"<p>Quer qualidade para sua sa\u00fade?<br \/>\nMat\u00e9ria prima de excelente proced\u00eancia, fabricado pelo Laborat\u00f3rio\u00a0Tiaraju &#8211; Empresa Certificada ISO 9001.<\/p>\n<p>Somos revenda autorizada Tiaraju &#8211; Produtos originais!<\/p>\n","protected":false},"featured_media":1960,"comment_status":"open","ping_status":"closed","template":"","meta":{"_et_pb_use_builder":"off","_et_pb_old_content":"\u00d3leo De Alho Desodorizado\u00a0 \u00a060 C\u00e1psulas + 10 c\u00e1psulas gr\u00e1tis Total 70 c\u00e1psulas!\r\n\r\nO \u00f3leo de alho \u00e9 tradicionalmente usado para ajudar a aliviar os sintomas associados com infec\u00e7\u00f5es do trato respirat\u00f3rio superior.\r\n\r\nEstudos cient\u00edficos t\u00eam demonstrado seu efeito sobre as lipoprote\u00ednas s\u00e9ricas e colesterol, no metabolismo dos carboidratos e lip\u00eddios e sua a\u00e7\u00e3o antibacteriana, podendo ser utilizado no tratamento de gripes, resfriados e problemas respirat\u00f3rios, como bronquites.\r\n\r\nAge como coadjuvante no controle dos n\u00edveis de colesterol e triglicer\u00eddeos, prevenindo doen\u00e7as cardiovasculares, tem atividade antioxidante e melhora imunidade, prevenindo e controlando doen\u00e7as das vias respirat\u00f3rias.\r\n\r\nO alho uma lili\u00e1cea, membro da fam\u00edlia dos l\u00edrios. O bulbo do alho \u00e9 composto por \u00f3leos vol\u00e1teis, como o dialildisulfeto, dialilsulfeto e dialiltrisulfeto, al\u00e9m de enzimas, minerais, vitaminas, lip\u00eddios e cerca de 17% de prote\u00ednas.\r\n\r\nCom a tritura\u00e7\u00e3o dos dentes de alho, obt\u00e9m-se a alicina.\r\n\r\nIngredientes:\r\n\r\n\u00d3leo de alho desodorizado (Allium sativum l.)\r\n\r\nDiluente: \u00f3leo de soja\r\n\r\nC\u00e1psula soft gel: gelatina (gelificante), glicerina (umectante) e \u00e1gua\r\n\r\nAL\u00c9RGICOS: CONT\u00c9M DERIVADO DE SOJA. PODE CONTER DERIVADOS DE CRUST\u00c1CEOS (KRILL), PEIXES, CASTANHA DO PAR\u00c1, MACAD\u00c2MIA E TRIGO.\r\n\r\nPode conter tra\u00e7os desses ingredientes devido ao compartilhamento de equipamentos, contudo, medidas rigorosas de controle e limpeza s\u00e3o adotadas para evitar tal fato.\r\n\r\nN\u00c3O CONT\u00c9M GL\u00daTEN - N\u00c3O CONT\u00c9M A\u00c7\u00daCAR\r\n\r\nSugest\u00e3o de uso:\u00a0 Ingerir 1 ou 2 c\u00e1psulas ao dia, com aux\u00edlio de 1 copo de \u00e1gua.\r\n\r\nConserva\u00e7\u00e3o:\r\n\r\nManter o produto em temperatura ambiente (15\u00ba a 30\u00baC), seco e ao abrigo da luz solar. Ap\u00f3s aberto, mantenha a embalagem bem fechada.\r\n\r\nInforma\u00e7\u00f5es importantes:\r\n\r\n\u2022 Este produto n\u00e3o \u00e9 um medicamento.\r\n\r\n\u2022 N\u00e3o exceder a recomenda\u00e7\u00e3o di\u00e1ria de consumo indicada na embalagem.\r\n\r\n\u2022 Mantenha fora do alcance de crian\u00e7as.\r\n\r\n\u2022 Gestantes, nutrizes e crian\u00e7as at\u00e9 3 (tr\u00eas) anos, somente devem consumir este produto sob orienta\u00e7\u00e3o de nutricionistas ou m\u00e9dico.\u201d\r\n\r\nMinist\u00e9rio da Sa\u00fade Adverte: n\u00e3o existem evid\u00eancias cient\u00edficas comprovadas que este alimento previna, trate ou cure doen\u00e7as.\r\n\r\nAnvisa: Produto com registro no Minist\u00e9rio da Sa\u00fade: 6.5204.0074.001-9\r\n\r\nMarca: Tiaraju Laborat\u00f3rio - Ind\u00fastria brasileira\r\n\r\nEmpresa Certificada ISO 9001.\r\n\r\nL\u00edder em registros no Brasil.\r\n\r\nFundada em Santo \u00c2ngelo\/RS em 1991. S\u00e3o 30 anos de experi\u00eancia no lan\u00e7amento de produtos diferenciados e pioneiros. Inova\u00e7\u00e3o e qualidade fazem parte dos valores da empresa.\r\n\r\nAtende a todos os requisitos e padr\u00f5es legais da Ag\u00eancia Nacional de Vigil\u00e2ncia Sanit\u00e1ria do Brasil e mant\u00e9m um r\u00edgido controle de qualidade em todo o processo de fabrica\u00e7\u00e3o e armazenamento de suprimentos e produtos.","_et_gb_content_width":""},"product_brand":[],"product_cat":[68,83],"product_tag":[112,108,111,113,110,104,105,106,107,114,115,109],"class_list":{"0":"post-1792","1":"product","2":"type-product","3":"status-publish","4":"has-post-thumbnail","6":"product_cat-bem-estar","7":"product_cat-suplementos-e-nutricao","8":"product_tag-500mg","9":"product_tag-60-capsulas","10":"product_tag-alicina","11":"product_tag-capsulas-softgel","12":"product_tag-nova-embalagem","13":"product_tag-oleo","14":"product_tag-oleo-de-alho","15":"product_tag-oleo-de-alho-desodorizado","16":"product_tag-sem-odor","17":"product_tag-suplemento","18":"product_tag-suplemento-alimentar","19":"product_tag-tiaraju","21":"first","22":"instock","23":"taxable","24":"shipping-taxable","25":"purchasable","26":"product-type-simple"},"_links":{"self":[{"href":"https:\/\/akari.com.br\/index.php?rest_route=\/wp\/v2\/product\/1792","targetHints":{"allow":["GET"]}}],"collection":[{"href":"https:\/\/akari.com.br\/index.php?rest_route=\/wp\/v2\/product"}],"about":[{"href":"https:\/\/akari.com.br\/index.php?rest_route=\/wp\/v2\/types\/product"}],"replies":[{"embeddable":true,"href":"https:\/\/akari.com.br\/index.php?rest_route=%2Fwp%2Fv2%2Fcomments&post=1792"}],"wp:featuredmedia":[{"embeddable":true,"href":"https:\/\/akari.com.br\/index.php?rest_route=\/wp\/v2\/media\/1960"}],"wp:attachment":[{"href":"https:\/\/akari.com.br\/index.php?rest_route=%2Fwp%2Fv2%2Fmedia&parent=1792"}],"wp:term":[{"taxonomy":"product_brand","embeddable":true,"href":"https:\/\/akari.com.br\/index.php?rest_route=%2Fwp%2Fv2%2Fproduct_brand&post=1792"},{"taxonomy":"product_cat","embeddable":true,"href":"https:\/\/akari.com.br\/index.php?rest_route=%2Fwp%2Fv2%2Fproduct_cat&post=1792"},{"taxonomy":"product_tag","embeddable":true,"href":"https:\/\/akari.com.br\/index.php?rest_route=%2Fwp%2Fv2%2Fproduct_tag&post=1792"}],"curies":[{"name":"wp","href":"https:\/\/api.w.org\/{rel}","templated":true}]}}