{"id":1971,"date":"2023-05-09T20:08:26","date_gmt":"2023-05-09T23:08:26","guid":{"rendered":"https:\/\/akari.com.br\/produto\/apilimao-organico-propolis-mel-e-limao-spray-30-ml-br\/"},"modified":"2023-05-09T21:03:32","modified_gmt":"2023-05-10T00:03:32","slug":"apilimao-organico-propolis-mel-e-limao-spray-30-ml-br","status":"publish","type":"product","link":"https:\/\/akari.com.br\/?product=apilimao-organico-propolis-mel-e-limao-spray-30-ml-br","title":{"rendered":"Spray Bucal Apilim\u00e3o Org\u00e2nico com Pr\u00f3polis Mel e Lim\u00e3o 30ml Apis Flora"},"content":{"rendered":"<p>A Apis Flora, fundada em 1982, \u00e9 pioneira e inovadora no segmento de pr\u00f3polis, mel e extratos de plantas medicinais, focada no desenvolvimento de produtos a partir de bioativos da biodiversidade brasileira e internacional. Seus mais de 100 produtos est\u00e3o presentes em todos estados brasileiros, al\u00e9m de diversos pa\u00edses!\u00a0<\/p>\n<p>As instala\u00e7\u00f5es obedecem aos padr\u00f5es GMP (Good Manufacturing Practices), com a valida\u00e7\u00e3o e qualifica\u00e7\u00e3o de processos devidamente homologados junto \u00e0 ANVISA ou Minist\u00e9rio da Agricultura.<\/p>\n","protected":false},"excerpt":{"rendered":"<p>A Apis Flora, fundada em 1982, \u00e9 pioneira e inovadora no segmento de pr\u00f3polis, mel e extratos de plantas medicinais, focada no desenvolvimento de produtos a partir de bioativos da biodiversidade brasileira e internacional. Seus mais de 100 produtos est\u00e3o presentes em todos estados brasileiros, al\u00e9m de diversos pa\u00edses!\u00a0 As instala\u00e7\u00f5es obedecem aos padr\u00f5es GMP [&hellip;]<\/p>\n","protected":false},"featured_media":1970,"comment_status":"open","ping_status":"closed","template":"","meta":{"_et_pb_use_builder":"","_et_pb_old_content":"","_et_gb_content_width":""},"product_brand":[],"product_cat":[68,83],"product_tag":[],"class_list":{"0":"post-1971","1":"product","2":"type-product","3":"status-publish","4":"has-post-thumbnail","6":"product_cat-bem-estar","7":"product_cat-suplementos-e-nutricao","9":"first","10":"instock","11":"taxable","12":"shipping-taxable","13":"purchasable","14":"product-type-simple"},"_links":{"self":[{"href":"https:\/\/akari.com.br\/index.php?rest_route=\/wp\/v2\/product\/1971","targetHints":{"allow":["GET"]}}],"collection":[{"href":"https:\/\/akari.com.br\/index.php?rest_route=\/wp\/v2\/product"}],"about":[{"href":"https:\/\/akari.com.br\/index.php?rest_route=\/wp\/v2\/types\/product"}],"replies":[{"embeddable":true,"href":"https:\/\/akari.com.br\/index.php?rest_route=%2Fwp%2Fv2%2Fcomments&post=1971"}],"wp:featuredmedia":[{"embeddable":true,"href":"https:\/\/akari.com.br\/index.php?rest_route=\/wp\/v2\/media\/1970"}],"wp:attachment":[{"href":"https:\/\/akari.com.br\/index.php?rest_route=%2Fwp%2Fv2%2Fmedia&parent=1971"}],"wp:term":[{"taxonomy":"product_brand","embeddable":true,"href":"https:\/\/akari.com.br\/index.php?rest_route=%2Fwp%2Fv2%2Fproduct_brand&post=1971"},{"taxonomy":"product_cat","embeddable":true,"href":"https:\/\/akari.com.br\/index.php?rest_route=%2Fwp%2Fv2%2Fproduct_cat&post=1971"},{"taxonomy":"product_tag","embeddable":true,"href":"https:\/\/akari.com.br\/index.php?rest_route=%2Fwp%2Fv2%2Fproduct_tag&post=1971"}],"curies":[{"name":"wp","href":"https:\/\/api.w.org\/{rel}","templated":true}]}}