{"id":1988,"date":"2023-05-09T20:09:30","date_gmt":"2023-05-09T23:09:30","guid":{"rendered":"https:\/\/akari.com.br\/produto\/propomax-noite-extrato-de-propolis-sem-alcool-140ml-apis-flora\/"},"modified":"2023-05-09T20:51:22","modified_gmt":"2023-05-09T23:51:22","slug":"propomax-noite-extrato-de-propolis-sem-alcool-140ml-apis-flora","status":"publish","type":"product","link":"https:\/\/akari.com.br\/?product=propomax-noite-extrato-de-propolis-sem-alcool-140ml-apis-flora","title":{"rendered":"Propomax Noite Extrato de Pr\u00f3polis sem \u00c1lcool 140ml Apis Flora"},"content":{"rendered":"<p>Propomax Noite:\u00a0<\/p>\n<p>*************<\/p>\n<p>\u00a0<\/p>\n<p>Tecnologia EPP-AF: \u00danico produto existente no mercado com garantia de efic\u00e1cia, seguran\u00e7a e excel\u00eancia em termos de produto natural. Patente n\u00ba 0405483-0.<\/p>\n<p>\u00a0<\/p>\n<p>Desenvolvido com extensas pesquisas e tecnologia de \u00faltima gera\u00e7\u00e3o, que garante o teor correto de bioativos da pr\u00f3polis em todos os lotes padronizados.<\/p>\n<p>\u00a0<\/p>\n<p>Biodisponibilidade de 300% maior do que nos extratos tradicionais.<\/p>\n<p>\u00a0<\/p>\n<p>Ingredientes: \u00c1gua, mel, extrato de pr\u00f3polis (EPP-AF), sulfato de zinco monoidratado (zinco), cloridrato de piridoxina (vitamina B6), cianocobalamina (vitamina B12), goma ar\u00e1bica e goma xantana (espessantes), xilitol (edulcorante), extrato de camomila &#8211; Matricaria chamomilla, extrato de melissa &#8211; Melissa officinalis e \u00f3leo essencial de camomila &#8211; Matricaria chamomilla (aromatizantes). Sabor natural de camomila e melissa.<\/p>\n<p>\u00a0<\/p>\n<p>Modo de usar: Ingerir 10 ml (um copo dosador), 30 minutos antes de dormir, por pelo menos 2 semanas.<\/p>\n<p>\u00a0<\/p>\n<p>Informa\u00e7\u00e3o Nutricional: Por\u00e7\u00e3o de 10 ml (1 colher de sopa)\u00a0<\/p>\n<p>\u00a0<\/p>\n<p>Valor energ\u00e9tico: 11,0kcal = 46 Kj (% VD = 0)<\/p>\n<p>Carboidrato: 3,6g (% VD = 1)<\/p>\n<p>Fibra alimentar: 0,6g (% VD = 2)<\/p>\n<p>Vitamina B6: 1,3mg (% VD = 100)<\/p>\n<p>Vitamina B12: 2,4ug (% VD = 100)<\/p>\n<p>Zinco (sulfato de zinco): 7,0mg (% VD = 100)<\/p>\n<p>Extrato de pr\u00f3polis: 110,0mg<\/p>\n<p>Compostos fen\u00f3licos: 20,0mg<\/p>\n<p>\u00a0<\/p>\n<p>Observa\u00e7\u00f5es:<\/p>\n<p>***********<\/p>\n<p>\u00a0<\/p>\n<p>% VD: valores di\u00e1rios de refer\u00eancia com base em uma dieta de 2000Kcal ou 8400Kj. Seus valores di\u00e1rios podem ser maiores ou menores dependendo de suas necessidades energ\u00e9ticas.\u00a0<\/p>\n<p>\u00a0<\/p>\n<p>&#8211; N\u00e3o cont\u00e9m quantidade significativas de valor cal\u00f3rico, carboidratos, prote\u00ednas, gorduras totais, gorduras saturadas, gorduras trans e s\u00f3dio.\u00a0<\/p>\n<p>\u00a0<\/p>\n<p>&#8211; N\u00c3O CONT\u00c9M GL\u00daTEN<\/p>\n<p>\u00a0<\/p>\n<p>&#8211; Dosagem para maiores de 19 anos. N\u00e3o exceder a recomenda\u00e7\u00e3o di\u00e1ria de consumo indicada na embalagem.\u00a0<\/p>\n<p>\u00a0<\/p>\n<p>&#8211; N\u00e3o deve ser consumido por gestantes, lactantes e crian\u00e7as.<\/p>\n<p>\u00a0<\/p>\n<p>&#8211; Cada frasco cont\u00e9m 140ml.<\/p>\n<p>\u00a0<\/p>\n<p>Validade: 2 anos ap\u00f3s data de fabrica\u00e7\u00e3o<\/p>\n<p>\u00a0<\/p>\n<p>Marca: Apis Flora &#8211; Ind\u00fastria brasileira<\/p>\n<p>\u00a0<\/p>\n<p>A Apis Flora, fundada em 1982, \u00e9 pioneira e inovadora no segmento de pr\u00f3polis, mel e extratos de plantas medicinais, focada no desenvolvimento de produtos a partir de bioativos da biodiversidade brasileira e internacional. Seus mais de 100 produtos est\u00e3o presentes em todos estados brasileiros, al\u00e9m de diversos pa\u00edses!\u00a0<\/p>\n<p>As instala\u00e7\u00f5es obedecem aos padr\u00f5es GMP (Good Manufacturing Practices), com a valida\u00e7\u00e3o e qualifica\u00e7\u00e3o de processos devidamente homologados junto \u00e0 ANVISA ou Minist\u00e9rio da Agricultura.<\/p>\n","protected":false},"excerpt":{"rendered":"<p>Propomax Noite:\u00a0<\/p>\n<p>*************<\/p>\n<p>\u00a0<\/p>\n<p>Tecnologia EPP-AF: \u00danico produto existente no mercado com garantia de efic\u00e1cia, seguran\u00e7a e excel\u00eancia em termos de produto natural. Patente n\u00ba 0405483-0.<\/p>\n<p>\u00a0<\/p>\n<p>Desenvolvido com extensas pesquisas e tecnologia de \u00faltima gera\u00e7\u00e3o, que garante o teor correto de bioativos da pr\u00f3polis em todos os lotes padronizados.<\/p>\n<p>\u00a0<\/p>\n<p>Biodisponibilidade de 300% maior do que nos extratos tradicionais.<\/p>\n<p>\u00a0<\/p>\n<p>Ingredientes: \u00c1gua, mel, extrato de pr\u00f3polis verde (EPP-AF), sulfato de zinco monoidratado (zinco), cloridrato de piridoxina (vitamina B6), cianocobalamina (vitamina B12), goma ar\u00e1bica e goma xantana (espessantes), xilitol (edulcorante), extrato de camomila &#8211; Matricaria chamomilla, extrato de melissa &#8211; Melissa officinalis e \u00f3leo essencial de camomila &#8211; Matricaria chamomilla (aromatizantes). Sabor natural de camomila e melissa.<\/p>\n<p>\u00a0<\/p>\n<p>Modo de usar: Ingerir 10 ml (um copo dosador), 30 minutos antes de dormir, por pelo menos 2 semanas.<\/p>\n<p>\u00a0<\/p>\n<p>Informa\u00e7\u00e3o Nutricional: Por\u00e7\u00e3o de 10 ml (1 colher de sopa)\u00a0<\/p>\n<p>\u00a0<\/p>\n<p>Valor energ\u00e9tico: 11,0kcal = 46 Kj (% VD = 0)<\/p>\n<p>Carboidrato: 3,6g (% VD = 1)<\/p>\n<p>Fibra alimentar: 0,6g (% VD = 2)<\/p>\n<p>Vitamina B6: 1,3mg (% VD = 100)<\/p>\n<p>Vitamina B12: 2,4ug (% VD = 100)<\/p>\n<p>Zinco (sulfato de zinco): 7,0mg (% VD = 100)<\/p>\n<p>Extrato de pr\u00f3polis verde (EPP-AF): 110,0mg<\/p>\n<p>Compostos fen\u00f3licos: 20,0mg<\/p>\n<p>\u00a0<\/p>\n<p>Observa\u00e7\u00f5es:<\/p>\n<p>***********<\/p>\n<p>\u00a0<\/p>\n<p>% VD: valores di\u00e1rios de refer\u00eancia com base em uma dieta de 2000Kcal ou 8400Kj. Seus valores di\u00e1rios podem ser maiores ou menores dependendo de suas necessidades energ\u00e9ticas.\u00a0<\/p>\n<p>\u00a0<\/p>\n<p>&#8211; N\u00e3o cont\u00e9m quantidade significativas de valor cal\u00f3rico, carboidratos, prote\u00ednas, gorduras totais, gorduras saturadas, gorduras trans e s\u00f3dio.\u00a0<\/p>\n<p>\u00a0<\/p>\n<p>&#8211; N\u00c3O CONT\u00c9M GL\u00daTEN<\/p>\n<p>\u00a0<\/p>\n<p>&#8211; Dosagem para maiores de 19 anos. N\u00e3o exceder a recomenda\u00e7\u00e3o di\u00e1ria de consumo indicada na embalagem.\u00a0<\/p>\n<p>\u00a0<\/p>\n<p>&#8211; N\u00e3o deve ser consumido por gestantes, lactantes e crian\u00e7as.<\/p>\n<p>\u00a0<\/p>\n<p>&#8211; Cada frasco cont\u00e9m 140ml.<\/p>\n<p>\u00a0<\/p>\n<p>Validade: 2 anos ap\u00f3s data de fabrica\u00e7\u00e3o<\/p>\n<p>\u00a0<\/p>\n<p>Marca: Apis Flora &#8211; Ind\u00fastria brasileira<\/p>\n<p>\u00a0<\/p>\n<p>A Apis Flora, fundada em 1982, \u00e9 pioneira e inovadora no segmento de pr\u00f3polis, mel e extratos de plantas medicinais, focada no desenvolvimento de produtos a partir de bioativos da biodiversidade brasileira e internacional. Seus mais de 100 produtos est\u00e3o presentes em todos estados brasileiros, al\u00e9m de diversos pa\u00edses!\u00a0<\/p>\n<p>As instala\u00e7\u00f5es obedecem aos padr\u00f5es GMP (Good Manufacturing Practices), com a valida\u00e7\u00e3o e qualifica\u00e7\u00e3o de processos devidamente homologados junto \u00e0 ANVISA ou Minist\u00e9rio da Agricultura.<\/p>\n","protected":false},"featured_media":1980,"comment_status":"open","ping_status":"closed","template":"","meta":{"_et_pb_use_builder":"","_et_pb_old_content":"","_et_gb_content_width":""},"product_brand":[],"product_cat":[68,83],"product_tag":[],"class_list":{"0":"post-1988","1":"product","2":"type-product","3":"status-publish","4":"has-post-thumbnail","6":"product_cat-bem-estar","7":"product_cat-suplementos-e-nutricao","9":"first","10":"instock","11":"taxable","12":"shipping-taxable","13":"purchasable","14":"product-type-simple"},"_links":{"self":[{"href":"https:\/\/akari.com.br\/index.php?rest_route=\/wp\/v2\/product\/1988","targetHints":{"allow":["GET"]}}],"collection":[{"href":"https:\/\/akari.com.br\/index.php?rest_route=\/wp\/v2\/product"}],"about":[{"href":"https:\/\/akari.com.br\/index.php?rest_route=\/wp\/v2\/types\/product"}],"replies":[{"embeddable":true,"href":"https:\/\/akari.com.br\/index.php?rest_route=%2Fwp%2Fv2%2Fcomments&post=1988"}],"wp:featuredmedia":[{"embeddable":true,"href":"https:\/\/akari.com.br\/index.php?rest_route=\/wp\/v2\/media\/1980"}],"wp:attachment":[{"href":"https:\/\/akari.com.br\/index.php?rest_route=%2Fwp%2Fv2%2Fmedia&parent=1988"}],"wp:term":[{"taxonomy":"product_brand","embeddable":true,"href":"https:\/\/akari.com.br\/index.php?rest_route=%2Fwp%2Fv2%2Fproduct_brand&post=1988"},{"taxonomy":"product_cat","embeddable":true,"href":"https:\/\/akari.com.br\/index.php?rest_route=%2Fwp%2Fv2%2Fproduct_cat&post=1988"},{"taxonomy":"product_tag","embeddable":true,"href":"https:\/\/akari.com.br\/index.php?rest_route=%2Fwp%2Fv2%2Fproduct_tag&post=1988"}],"curies":[{"name":"wp","href":"https:\/\/api.w.org\/{rel}","templated":true}]}}