{"id":1992,"date":"2023-05-09T20:09:46","date_gmt":"2023-05-09T23:09:46","guid":{"rendered":"https:\/\/akari.com.br\/produto\/extrato-de-propolis-verde-70-mais-concentrado-30ml-apis-flora\/"},"modified":"2024-09-04T11:40:45","modified_gmt":"2024-09-04T14:40:45","slug":"extrato-de-propolis-verde-70-mais-concentrado-30ml-apis-flora","status":"publish","type":"product","link":"https:\/\/akari.com.br\/?product=extrato-de-propolis-verde-70-mais-concentrado-30ml-apis-flora","title":{"rendered":"Extrato de Pr\u00f3polis Verde 70 Mais Concentrado 25% pv 30ml Apis Flora"},"content":{"rendered":"","protected":false},"excerpt":{"rendered":"<p>Extrato de Pr\u00f3polis Verde 70\u00a0<\/p>\n<p>\u00a0<\/p>\n<p>Apresenta as mesmas caracter\u00edsticas do Extrato de Pr\u00f3polis Verde, por\u00e9m com uma quantidade maior de pr\u00f3polis ativa, ou seja, maior concentra\u00e7\u00e3o!!!\u00a0<\/p>\n<p>\u00a0<\/p>\n<p>Por\u00e7\u00e3o: 1 ml = 30 gotas = 1 colher de caf\u00e9<\/p>\n<p>\u00a0<\/p>\n<p>15 gotas do extrato de pr\u00f3polis verde 70 equivalem a 30 gotas do extrato de pr\u00f3polis tradicional.<\/p>\n<p>\u00a0<\/p>\n<p>Garantia: extrato padronizado, produzido com 70% de pr\u00f3polis in natura.<\/p>\n<p>\u00a0<\/p>\n<p>Extrato seco m\u00ednimo: 25% p\/v.<\/p>\n<p>\u00a0<\/p>\n<p>Produzido somente com pr\u00f3polis verde da mais alta qualidade.\u00a0<\/p>\n<p>\u00a0<\/p>\n<p>Biodisponibilidade de 300% maior do que nos extratos tradicionais.<\/p>\n<p>\u00a0<\/p>\n<p>Preserva\u00e7\u00e3o total dos bioativos da pr\u00f3polis.\u00a0<\/p>\n<p>\u00a0<\/p>\n<p>EPP-AF: \u00danico produto existente no mercado com garantia de efic\u00e1cia, seguran\u00e7a e excel\u00eancia em termos de produto natural.<\/p>\n<p>\u00a0<\/p>\n<p>\u00c9 obtida a partir de uma planta nativa do Brasil, a Baccharis dracunculifolia (Vassourinha ou Alecrim do Campo). Rica em compostos bioativos, principalmente o Artepellin C.\u00a0<\/p>\n<p>\u00a0<\/p>\n<p>Ingredientes:\u00a0<\/p>\n<p>&#8211; Pr\u00f3polis verde<\/p>\n<p>&#8211; \u00c1lcool neutro grau aliment\u00edcio<\/p>\n<p>&#8211; \u00c1gua purificada<\/p>\n<p>\u00a0<\/p>\n<p>N\u00e3o cont\u00e9m propileno glicol<\/p>\n<p>N\u00e3o cont\u00e9m corantes<\/p>\n<p>N\u00e3o cont\u00e9m conservantes<\/p>\n<p>N\u00e3o cont\u00e9m gl\u00faten<\/p>\n<p>N\u00e3o cont\u00e9m quantidade significativas de valor cal\u00f3rico, carboidratos, prote\u00ednas, gorduras totais, gorduras saturadas, gorduras trans, fibra alimentar e s\u00f3dio.<\/p>\n<p>\u00a0<\/p>\n<p>Formas de uso: diluir 15 gotas em \u00e1gua, suco, mel ou outra bebida de sua prefer\u00eancia.<\/p>\n<p>\u00a0<\/p>\n<p>Registro no Minist\u00e9rio da Agricultura SIF\/DIPOA sob n\u00ba 0137\/3733<\/p>\n<p>\u00a0<\/p>\n<p>Frasco conta gotas de 30ml<\/p>\n<p>\u00a0<\/p>\n<p>Validade: 2 anos ap\u00f3s data de fabrica\u00e7\u00e3o<\/p>\n<p>\u00a0<\/p>\n<p>Marca: Apis Flora &#8211; Ind\u00fastria brasileira<\/p>\n<p>\u00a0<\/p>\n<p>A Apis Flora, fundada em 1982, \u00e9 pioneira e inovadora no segmento de pr\u00f3polis, mel e extratos de plantas medicinais, focada no desenvolvimento de produtos a partir de bioativos da biodiversidade brasileira e internacional. Seus mais de 100 produtos est\u00e3o presentes em todos estados brasileiros, al\u00e9m de diversos pa\u00edses!\u00a0<\/p>\n<p>As instala\u00e7\u00f5es obedecem aos padr\u00f5es GMP (Good Manufacturing Practices), com a valida\u00e7\u00e3o e qualifica\u00e7\u00e3o de processos devidamente homologados junto \u00e0 ANVISA ou Minist\u00e9rio da Agricultura.<\/p>\n","protected":false},"featured_media":1989,"comment_status":"open","ping_status":"closed","template":"","meta":{"_et_pb_use_builder":"","_et_pb_old_content":"","_et_gb_content_width":""},"product_brand":[],"product_cat":[68,83],"product_tag":[118,102,93,96,94,119,97,101,120,121,84,95],"class_list":{"0":"post-1992","1":"product","2":"type-product","3":"status-publish","4":"has-post-thumbnail","6":"product_cat-bem-estar","7":"product_cat-suplementos-e-nutricao","8":"product_tag-25-pv","9":"product_tag-30ml","10":"product_tag-apis-flora","11":"product_tag-epp-af","12":"product_tag-extrato","13":"product_tag-extrato-de-propolis","14":"product_tag-extrato-de-propolis-verde","15":"product_tag-liquido","16":"product_tag-mais-concentrado","17":"product_tag-mais-forte","18":"product_tag-propolis","19":"product_tag-propolis-verde","21":"first","22":"instock","23":"taxable","24":"shipping-taxable","25":"purchasable","26":"product-type-simple"},"_links":{"self":[{"href":"https:\/\/akari.com.br\/index.php?rest_route=\/wp\/v2\/product\/1992","targetHints":{"allow":["GET"]}}],"collection":[{"href":"https:\/\/akari.com.br\/index.php?rest_route=\/wp\/v2\/product"}],"about":[{"href":"https:\/\/akari.com.br\/index.php?rest_route=\/wp\/v2\/types\/product"}],"replies":[{"embeddable":true,"href":"https:\/\/akari.com.br\/index.php?rest_route=%2Fwp%2Fv2%2Fcomments&post=1992"}],"wp:featuredmedia":[{"embeddable":true,"href":"https:\/\/akari.com.br\/index.php?rest_route=\/wp\/v2\/media\/1989"}],"wp:attachment":[{"href":"https:\/\/akari.com.br\/index.php?rest_route=%2Fwp%2Fv2%2Fmedia&parent=1992"}],"wp:term":[{"taxonomy":"product_brand","embeddable":true,"href":"https:\/\/akari.com.br\/index.php?rest_route=%2Fwp%2Fv2%2Fproduct_brand&post=1992"},{"taxonomy":"product_cat","embeddable":true,"href":"https:\/\/akari.com.br\/index.php?rest_route=%2Fwp%2Fv2%2Fproduct_cat&post=1992"},{"taxonomy":"product_tag","embeddable":true,"href":"https:\/\/akari.com.br\/index.php?rest_route=%2Fwp%2Fv2%2Fproduct_tag&post=1992"}],"curies":[{"name":"wp","href":"https:\/\/api.w.org\/{rel}","templated":true}]}}