{"id":2000,"date":"2023-05-09T20:53:19","date_gmt":"2023-05-09T23:53:19","guid":{"rendered":"https:\/\/akari.com.br\/produto\/propomax-zero-spray-bucal-30-ml-apis-flora\/"},"modified":"2023-06-05T13:18:20","modified_gmt":"2023-06-05T16:18:20","slug":"propomax-zero-spray-bucal-30-ml-apis-flora","status":"publish","type":"product","link":"https:\/\/akari.com.br\/?product=propomax-zero-spray-bucal-30-ml-apis-flora","title":{"rendered":"Propomax Zero Spray Bucal Pr\u00f3polis e Menta Sem \u00c1lcool 30 ml Apis Flora"},"content":{"rendered":"<h4 class=\"titulo-produto\" style=\"margin: 0px 0px 5px;padding: 0px;border: 0px;font-weight: inherit;line-height: inherit;font-family: ArnoProRegular, 'Times New Roman', serif;font-size: 30px;vertical-align: baseline;color: #929292;background-color: #f6f5f3\">PROPOMAX\u00ae &#8211; Zero Spray &#8211; Sem \u00c1lcool<\/h4>\n<p>Aromatizante Bucal<\/p>\n<p>\u00a0<\/p>\n<div class=\"descritivo-texto\" style=\"margin: 0px;padding: 0px;border: 0px;line-height: 18px;vertical-align: baseline;background-color: #f6f5f3\">\n<p style=\"color: #6f624a;font-family: inherit;font-size: 11px;margin-bottom: 10px;padding: 0px;border: 0px;font-style: inherit;font-variant: inherit;font-weight: inherit;line-height: inherit;vertical-align: baseline\"><span style=\"font-family: inherit;font-style: inherit;font-weight: inherit\">Produto totalmente diferenciado, pois n\u00e3o cont\u00e9m mel ou qualquer tipo de a\u00e7\u00facar.<\/span><\/p>\n<p style=\"color: #6f624a;font-family: inherit;font-size: 11px;margin-bottom: 10px;padding: 0px;border: 0px;font-style: inherit;font-variant: inherit;font-weight: inherit;line-height: inherit;vertical-align: baseline\"><span style=\"font-family: inherit;font-style: inherit;font-weight: inherit\">\u00c9 especialmente indicado para diab\u00e9ticos e pessoas que desejam controlar a glicemia.<\/span><\/p>\n<p style=\"color: #6f624a;font-family: inherit;font-size: 11px;margin-bottom: 10px;padding: 0px;border: 0px;font-style: inherit;font-variant: inherit;font-weight: inherit;line-height: inherit;vertical-align: baseline\">\u00d3timos resultados, como todos os sprays da Apis Flora.<\/p>\n<p style=\"color: #6f624a;font-family: inherit;font-size: 11px;margin-bottom: 10px;padding: 0px;border: 0px;font-style: inherit;font-variant: inherit;font-weight: inherit;line-height: inherit;vertical-align: baseline\"><span style=\"font-family: inherit;font-style: inherit;font-weight: inherit\">Modo de Usar: Aplicar 3 a 4 vezes na boca, quando necess\u00e1rio.<\/span><\/p>\n<p style=\"margin-bottom: 10px;font-family: inherit;font-style: inherit;font-variant: inherit;font-weight: inherit;color: #6f624a;font-size: 11px;padding: 0px;border: 0px;line-height: inherit;vertical-align: baseline\">Composi\u00e7\u00e3o:<\/p>\n<p style=\"margin-bottom: 10px;font-family: inherit;font-style: inherit;font-variant: inherit;font-weight: inherit;color: #6f624a;font-size: 11px;padding: 0px;border: 0px;line-height: inherit;vertical-align: baseline\">&#8211; Extrato de pr\u00f3polis<\/p>\n<p style=\"margin-bottom: 10px;font-family: inherit;font-style: inherit;font-variant: inherit;font-weight: inherit;color: #6f624a;font-size: 11px;padding: 0px;border: 0px;line-height: inherit;vertical-align: baseline\">&#8211; \u00d3leo de Mentha piperitta<\/p>\n<p style=\"margin-bottom: 10px;font-family: inherit;font-style: inherit;font-variant: inherit;font-weight: inherit;color: #6f624a;font-size: 11px;padding: 0px;border: 0px;line-height: inherit;vertical-align: baseline\">&#8211; Xilitol<\/p>\n<p style=\"margin-bottom: 10px;font-family: inherit;font-style: inherit;font-variant: inherit;font-weight: inherit;color: #6f624a;font-size: 11px;padding: 0px;border: 0px;line-height: inherit;vertical-align: baseline\">&#8211; Sorbitol<\/p>\n<p style=\"margin-bottom: 10px;font-family: inherit;font-style: inherit;font-variant: inherit;font-weight: inherit;color: #6f624a;font-size: 11px;padding: 0px;border: 0px;line-height: inherit;vertical-align: baseline\">&#8211; Glycerin<\/p>\n<p style=\"margin-bottom: 10px;font-family: inherit;font-style: inherit;font-variant: inherit;font-weight: inherit;color: #6f624a;font-size: 11px;padding: 0px;border: 0px;line-height: inherit;vertical-align: baseline\">&#8211; \u00c1cido C\u00edtrico<\/p>\n<p style=\"margin-bottom: 10px;font-family: inherit;font-style: inherit;font-variant: inherit;font-weight: inherit;color: #6f624a;font-size: 11px;padding: 0px;border: 0px;line-height: inherit;vertical-align: baseline\">&#8211; Goma xantana<\/p>\n<p style=\"margin-bottom: 10px;font-family: inherit;font-style: inherit;font-variant: inherit;font-weight: inherit;color: #6f624a;font-size: 11px;padding: 0px;border: 0px;line-height: inherit;vertical-align: baseline\">&#8211; \u00c1gua<\/p>\n<p style=\"color: #6f624a;font-family: inherit;font-size: 11px;margin-bottom: 10px;padding: 0px;border: 0px;font-style: inherit;font-variant: inherit;font-weight: inherit;line-height: inherit;vertical-align: baseline\">Res. Anvisa n\u00ba 07\/2015<\/p>\n<p style=\"margin-bottom: 10px;padding: 0px;border: 0px;line-height: inherit;vertical-align: baseline\"><span style=\"color: #6f624a;font-family: Arial, sans-serif\"><span style=\"font-size: 11px\">Frasco 30ml<\/span><\/span><\/p>\n<p style=\"margin-bottom: 10px;padding: 0px;border: 0px;line-height: inherit;vertical-align: baseline\"><span style=\"color: #6f624a;font-family: Arial, sans-serif\"><span style=\"font-size: 11px\">Validade: 2 anos ap\u00f3s data de fabrica\u00e7\u00e3o<\/span><\/span><\/p>\n<p style=\"margin-bottom: 10px;padding: 0px;border: 0px;line-height: inherit;vertical-align: baseline\"><span style=\"color: #6f624a;font-family: Arial, sans-serif\"><span style=\"font-size: 11px\">Marca: Apis Flora &#8211; Ind\u00fastria brasileira &#8211; Empresa Certificada ISO 9001<\/span><\/span><span style=\"color: #6f624a;font-family: inherit;font-size: 11px;font-style: inherit;font-weight: inherit\">\u00a0<\/span><\/p>\n<\/div>\n","protected":false},"excerpt":{"rendered":"<h4 class=\"titulo-produto\" style=\"margin: 0px 0px 5px;padding: 0px;border: 0px;font-weight: inherit;line-height: inherit;font-family: ArnoProRegular, 'Times New Roman', serif;font-size: 30px;vertical-align: baseline;color: #929292;background-color: #f6f5f3\">PROPOMAX\u00ae &#8211; Zero Spray &#8211; Sem \u00c1lcool<\/h4>\n<p>Aromatizante Bucal<\/p>\n<p>\u00a0<\/p>\n<div class=\"descritivo-texto\" style=\"margin: 0px;padding: 0px;border: 0px;line-height: 18px;vertical-align: baseline;background-color: #f6f5f3\">\n<p style=\"margin-bottom: 10px;color: #6f624a;font-family: inherit;font-size: 11px;padding: 0px;border: 0px;font-style: inherit;font-variant: inherit;font-weight: inherit;line-height: inherit;vertical-align: baseline\"><span style=\"font-family: inherit;font-style: inherit;font-weight: inherit\">Produto totalmente diferenciado, pois n\u00e3o cont\u00e9m mel ou qualquer tipo de a\u00e7\u00facar.<\/span><\/p>\n<p style=\"margin-bottom: 10px;color: #6f624a;font-family: inherit;font-size: 11px;padding: 0px;border: 0px;font-style: inherit;font-variant: inherit;font-weight: inherit;line-height: inherit;vertical-align: baseline\"><span style=\"font-family: inherit;font-style: inherit;font-weight: inherit\">\u00c9 especialmente indicado para diab\u00e9ticos e pessoas que desejam controlar a glicemia.<\/span><\/p>\n<p style=\"margin-bottom: 10px;color: #6f624a;font-family: inherit;font-size: 11px;padding: 0px;border: 0px;font-style: inherit;font-variant: inherit;font-weight: inherit;line-height: inherit;vertical-align: baseline\">\u00d3timos resultados, como todos os sprays da Apis Flora.<\/p>\n<p style=\"margin-bottom: 10px;padding: 0px;border: 0px;line-height: inherit;vertical-align: baseline\">\u00a0<\/p>\n<\/div>\n","protected":false},"featured_media":2024,"comment_status":"open","ping_status":"closed","template":"","meta":{"_et_pb_use_builder":"","_et_pb_old_content":"","_et_gb_content_width":""},"product_brand":[],"product_cat":[68,83],"product_tag":[],"class_list":{"0":"post-2000","1":"product","2":"type-product","3":"status-publish","4":"has-post-thumbnail","6":"product_cat-bem-estar","7":"product_cat-suplementos-e-nutricao","9":"first","10":"outofstock","11":"taxable","12":"shipping-taxable","13":"purchasable","14":"product-type-simple"},"_links":{"self":[{"href":"https:\/\/akari.com.br\/index.php?rest_route=\/wp\/v2\/product\/2000","targetHints":{"allow":["GET"]}}],"collection":[{"href":"https:\/\/akari.com.br\/index.php?rest_route=\/wp\/v2\/product"}],"about":[{"href":"https:\/\/akari.com.br\/index.php?rest_route=\/wp\/v2\/types\/product"}],"replies":[{"embeddable":true,"href":"https:\/\/akari.com.br\/index.php?rest_route=%2Fwp%2Fv2%2Fcomments&post=2000"}],"wp:featuredmedia":[{"embeddable":true,"href":"https:\/\/akari.com.br\/index.php?rest_route=\/wp\/v2\/media\/2024"}],"wp:attachment":[{"href":"https:\/\/akari.com.br\/index.php?rest_route=%2Fwp%2Fv2%2Fmedia&parent=2000"}],"wp:term":[{"taxonomy":"product_brand","embeddable":true,"href":"https:\/\/akari.com.br\/index.php?rest_route=%2Fwp%2Fv2%2Fproduct_brand&post=2000"},{"taxonomy":"product_cat","embeddable":true,"href":"https:\/\/akari.com.br\/index.php?rest_route=%2Fwp%2Fv2%2Fproduct_cat&post=2000"},{"taxonomy":"product_tag","embeddable":true,"href":"https:\/\/akari.com.br\/index.php?rest_route=%2Fwp%2Fv2%2Fproduct_tag&post=2000"}],"curies":[{"name":"wp","href":"https:\/\/api.w.org\/{rel}","templated":true}]}}